{"id":1449,"date":"2024-01-14T15:35:53","date_gmt":"2024-01-14T14:35:53","guid":{"rendered":"https:\/\/armurerie-elssayad.com\/?page_id=1449"},"modified":"2024-03-02T20:59:44","modified_gmt":"2024-03-02T19:59:44","slug":"terms-and-conditions","status":"publish","type":"page","link":"https:\/\/armurerie-elssayad.com\/fr\/terms-and-conditions\/","title":{"rendered":"\u0627\u0644\u0634\u0631\u0648\u0637 \u0648\u0627\u0644\u0623\u062d\u0643\u0627\u0645"},"content":{"rendered":"<div data-elementor-type=\"wp-page\" data-elementor-id=\"1449\" class=\"elementor elementor-1449\">\n\t\t\t\t<div class=\"wd-negative-gap elementor-element elementor-element-9493692 e-flex e-con-boxed e-con e-parent\" data-id=\"9493692\" data-element_type=\"container\" data-settings=\"{&quot;content_width&quot;:&quot;boxed&quot;}\" data-core-v316-plus=\"true\">\n\t\t\t\t\t<div class=\"e-con-inner\">\n\t\t<div class=\"elementor-element elementor-element-498cd8f e-con-full e-flex e-con e-child\" data-id=\"498cd8f\" data-element_type=\"container\" data-settings=\"{&quot;content_width&quot;:&quot;full&quot;}\">\n\t\t\t\t<\/div>\n\t\t<div class=\"elementor-element elementor-element-3dc91dc e-con-full e-flex e-con e-child\" data-id=\"3dc91dc\" data-element_type=\"container\" data-settings=\"{&quot;content_width&quot;:&quot;full&quot;}\">\n\t\t\t\t<div class=\"elementor-element elementor-element-8a5e17f elementor-widget elementor-widget-wd_text_block\" data-id=\"8a5e17f\" data-element_type=\"widget\" data-widget_type=\"wd_text_block.default\">\n\t\t\t\t<div class=\"elementor-widget-container\">\n\t\t\t\t\t<div class=\"wd-text-block reset-last-child text-left\">\n\t\t\t\n\t\t\t<p><strong>Conditions g\u00e9n\u00e9rales du site Web d'Armurier El-Ssayad<\/strong><\/p><p><span style=\"text-decoration: underline;\"><strong>introduction<\/strong><\/span><\/p><p>Votre utilisation et votre acc\u00e8s au site Web Armurier El-Ssayad (\u00ab Site \u00bb) sont soumis aux pr\u00e9sentes conditions g\u00e9n\u00e9rales (\u00ab Conditions \u00bb). En utilisant ou en acc\u00e9dant au Site, vous acceptez d'\u00eatre li\u00e9 par ces Conditions. Si vous n'acceptez pas ces conditions, veuillez ne pas utiliser le Site.<\/p><p><span style=\"text-decoration: underline;\"><strong>Conditions g\u00e9n\u00e9rales<\/strong><\/span><\/p><ul><li>Vous ne pouvez pas utiliser le site Web d'une mani\u00e8re qui viole la loi, l'ordre public ou les bonnes m\u0153urs.<\/li><li>Vous ne pouvez pas utiliser le Site d'une mani\u00e8re qui porte pr\u00e9judice ou viole les droits d'autrui.<\/li><li>Le site Web Armurier El-Ssayad a le droit de mettre fin \u00e0 votre utilisation du site Web \u00e0 tout moment et pour quelque raison que ce soit.<\/li><\/ul><p><span style=\"text-decoration: underline;\"><strong>Contenu du site<\/strong><\/span><\/p><ul><li>Tous les droits de propri\u00e9t\u00e9 intellectuelle sur le contenu du site appartiennent au site Web El-Ssayad ou \u00e0 des tiers.<\/li><li>Vous ne pouvez pas copier, distribuer, publier, modifier ou cr\u00e9er des \u0153uvres d\u00e9riv\u00e9es \u00e0 partir de tout contenu du site sans l'autorisation \u00e9crite pr\u00e9alable du propri\u00e9taire des droits d'auteur.<\/li><\/ul><p><span style=\"text-decoration: underline;\"><strong>Produits et services<\/strong><\/span><\/p><ul><li>Le site Web El-Ssayad propose une vari\u00e9t\u00e9 de produits et services \u00e0 vendre en ligne.<\/li><li>La page du produit ou du service d\u00e9crit les conditions g\u00e9n\u00e9rales de vente de chaque produit ou service.<\/li><li>L'utilisateur est seul responsable du choix des produits et services adapt\u00e9s \u00e0 ses besoins.<\/li><\/ul><p><span style=\"text-decoration: underline;\"><strong>Payement<\/strong><\/span><\/p><ul><li>Armurier El-Ssayad accepte une vari\u00e9t\u00e9 de m\u00e9thodes de paiement, notamment les cartes de cr\u00e9dit, les comptes postaux et les virements bancaires.<\/li><li>Toutes les transactions financi\u00e8res effectu\u00e9es via le site sont s\u00e9curis\u00e9es.<\/li><\/ul><p><span style=\"text-decoration: underline;\"><strong>la responsabilit\u00e9<\/strong><\/span><\/p><ul><li>Le site Web Armurier El-Ssayad n'assume aucune responsabilit\u00e9 pour tout dommage ou perte r\u00e9sultant de votre utilisation du site Web.<\/li><li>L'utilisateur est seul responsable de tout dommage ou perte r\u00e9sultant de son utilisation du site.<\/li><\/ul><p><span style=\"text-decoration: underline;\"><strong>les changements<\/strong><\/span><\/p><p>Le site Web Armurier El-Ssayad a le droit de modifier ces conditions de temps \u00e0 autre. Toute modification de ces Conditions sera publi\u00e9e sur le Site.<\/p><p><span style=\"text-decoration: underline;\"><strong>Contactez-nous<\/strong><\/span><\/p><p>Si vous avez des questions ou des pr\u00e9occupations concernant ces conditions, veuillez nous contacter par e-mail, adresse ou num\u00e9ro de t\u00e9l\u00e9phone [<a href=\"https:\/\/armurerie-elssayad.com\/fr\/contact-us\/\">Afficher les informations de contact<\/a>].<\/p>\n\t\t\t\t\t<\/div>\n\t\t\t\t<\/div>\n\t\t\t\t<\/div>\n\t\t\t\t<\/div>\n\t\t<div class=\"elementor-element elementor-element-cd61a97 e-con-full e-flex e-con e-child\" data-id=\"cd61a97\" data-element_type=\"container\" data-settings=\"{&quot;content_width&quot;:&quot;full&quot;}\">\n\t\t\t\t<\/div>\n\t\t\t\t\t<\/div>\n\t\t\t\t<\/div>\n\t\t\t\t<\/div>","protected":false},"excerpt":{"rendered":"<p>\u0634\u0631\u0648\u0637 \u0648\u0623\u062d\u0643\u0627\u0645 \u0644\u0645\u0648\u0642\u0639 \u0627\u0644\u0635\u064a\u0627\u062f \u0645\u0642\u062f\u0645\u0629 \u062a\u062e\u0636\u0639 \u0627\u0633\u062a\u062e\u062f\u0627\u0645\u0643 \u0648\u0648\u0635\u0648\u0644\u0643 \u0625\u0644\u0649 \u0645\u0648\u0642\u0639 \u0627\u0644\u0635\u064a\u0627\u062f (&#8220;\u0627\u0644\u0645\u0648\u0642\u0639&#8221;) \u0625\u0644\u0649 \u0647\u0630\u0647 \u0627\u0644\u0634\u0631\u0648\u0637 \u0648\u0627\u0644\u0623\u062d\u0643\u0627\u0645 (&#8220;\u0627\u0644\u0634\u0631\u0648\u0637&#8221;). \u0645\u0646 \u062e\u0644\u0627\u0644 \u0627\u0633\u062a\u062e\u062f\u0627\u0645<\/p>","protected":false},"author":1,"featured_media":0,"parent":0,"menu_order":0,"comment_status":"closed","ping_status":"closed","template":"","meta":{"footnotes":""},"_links":{"self":[{"href":"https:\/\/armurerie-elssayad.com\/fr\/wp-json\/wp\/v2\/pages\/1449"}],"collection":[{"href":"https:\/\/armurerie-elssayad.com\/fr\/wp-json\/wp\/v2\/pages"}],"about":[{"href":"https:\/\/armurerie-elssayad.com\/fr\/wp-json\/wp\/v2\/types\/page"}],"author":[{"embeddable":true,"href":"https:\/\/armurerie-elssayad.com\/fr\/wp-json\/wp\/v2\/users\/1"}],"replies":[{"embeddable":true,"href":"https:\/\/armurerie-elssayad.com\/fr\/wp-json\/wp\/v2\/comments?post=1449"}],"version-history":[{"count":33,"href":"https:\/\/armurerie-elssayad.com\/fr\/wp-json\/wp\/v2\/pages\/1449\/revisions"}],"predecessor-version":[{"id":2745,"href":"https:\/\/armurerie-elssayad.com\/fr\/wp-json\/wp\/v2\/pages\/1449\/revisions\/2745"}],"wp:attachment":[{"href":"https:\/\/armurerie-elssayad.com\/fr\/wp-json\/wp\/v2\/media?parent=1449"}],"curies":[{"name":"wp","href":"https:\/\/api.w.org\/{rel}","templated":true}]}}